{"id":116,"date":"2021-01-22T07:47:30","date_gmt":"2021-01-22T06:47:30","guid":{"rendered":"http:\/\/chanard.fr\/?page_id=116"},"modified":"2021-01-22T08:30:51","modified_gmt":"2021-01-22T07:30:51","slug":"parc-machines","status":"publish","type":"page","link":"http:\/\/chanard.fr\/?page_id=116","title":{"rendered":"Parc Machines"},"content":{"rendered":"\n<h2><strong>GERMINI&nbsp; 15 &#8211; FICEPS<\/strong><\/h2>\n\n\n\n<figure class=\"wp-block-image size-large\"><img loading=\"lazy\" width=\"554\" height=\"330\" src=\"http:\/\/chanard.fr\/wp-content\/uploads\/2021\/01\/Germini.jpg\" alt=\"\" class=\"wp-image-117\" srcset=\"http:\/\/chanard.fr\/wp-content\/uploads\/2021\/01\/Germini.jpg 554w, http:\/\/chanard.fr\/wp-content\/uploads\/2021\/01\/Germini-300x179.jpg 300w, http:\/\/chanard.fr\/wp-content\/uploads\/2021\/01\/Germini-520x310.jpg 520w, http:\/\/chanard.fr\/wp-content\/uploads\/2021\/01\/Germini-360x214.jpg 360w, http:\/\/chanard.fr\/wp-content\/uploads\/2021\/01\/Germini-250x149.jpg 250w, http:\/\/chanard.fr\/wp-content\/uploads\/2021\/01\/Germini-100x60.jpg 100w\" sizes=\"(max-width: 554px) 100vw, 554px\" \/><\/figure>\n\n\n\n<p>Table de coupe plasma num\u00e9rique CND Haute d\u00e9finition pour t\u00f4les<\/p>\n\n\n\n<p>Acier et Inox <\/p>\n\n\n\n<p>Machine automatique pour r\u00e9aliser la fabrication de goussets, platines, raidisseurs \u2026 \u00e0 partir d\u2019une t\u00f4le brute : per\u00e7age des trous, marquage et coupe en une seule op\u00e9ration.<\/p>\n\n\n\n<p>Dimensions de la t\u00f4le brute maxi \u00e0 usiner<\/p>\n\n\n\n<p>Longueur&nbsp; 3000 mm<\/p>\n\n\n\n<p>Largeur&nbsp; 1500 mm<\/p>\n\n\n\n<p><\/p>\n\n\n\n<h2><strong>VICTORY 11 &#8211; FICEPS<\/strong><\/h2>\n\n\n\n<figure class=\"wp-block-image size-large\"><img loading=\"lazy\" width=\"381\" height=\"381\" src=\"http:\/\/chanard.fr\/wp-content\/uploads\/2021\/01\/Victory.jpg\" alt=\"\" class=\"wp-image-118\" srcset=\"http:\/\/chanard.fr\/wp-content\/uploads\/2021\/01\/Victory.jpg 381w, http:\/\/chanard.fr\/wp-content\/uploads\/2021\/01\/Victory-300x300.jpg 300w, http:\/\/chanard.fr\/wp-content\/uploads\/2021\/01\/Victory-150x150.jpg 150w, http:\/\/chanard.fr\/wp-content\/uploads\/2021\/01\/Victory-360x360.jpg 360w, http:\/\/chanard.fr\/wp-content\/uploads\/2021\/01\/Victory-250x250.jpg 250w, http:\/\/chanard.fr\/wp-content\/uploads\/2021\/01\/Victory-100x100.jpg 100w\" sizes=\"(max-width: 381px) 100vw, 381px\" \/><\/figure>\n\n\n\n<p>Syst\u00e8me num\u00e9rique de per\u00e7age pour l\u2019usinage de poutres, fers \u00e0 U, corni\u00e8res, plats, tubes et Profil\u00e9s Reconstitu\u00e9s Soud\u00e9s de charpente m\u00e9tallique.<\/p>\n\n\n\n<p>Le profil\u00e9 \u00e0 usiner reste fixe, pendant que la broche de per\u00e7age se d\u00e9place automatiquement le long du profil\u00e9 afin de r\u00e9aliser les per\u00e7ages ou les pointages\u2026 ensuite il faut assembler.<\/p>\n\n\n\n<p><strong>Profil mini.<\/strong><\/p>\n\n\n\n<p>50*50<\/p>\n\n\n\n<p><strong>Profil maxi.<\/strong><\/p>\n\n\n\n<p>HEB 1000<\/p>\n\n\n\n<p><strong>Longueur du profil.<\/strong><\/p>\n\n\n\n<p>18m maxi<\/p>\n\n\n\n<p><\/p>\n\n\n\n<h2>JEAN PERROT APHS 3108 X 160<\/h2>\n\n\n\n<figure class=\"wp-block-image size-large\"><img loading=\"lazy\" width=\"1024\" height=\"768\" src=\"http:\/\/chanard.fr\/wp-content\/uploads\/2021\/01\/IMG_20210114_144820-1024x768.jpg\" alt=\"\" class=\"wp-image-119\" srcset=\"http:\/\/chanard.fr\/wp-content\/uploads\/2021\/01\/IMG_20210114_144820-1024x768.jpg 1024w, http:\/\/chanard.fr\/wp-content\/uploads\/2021\/01\/IMG_20210114_144820-300x225.jpg 300w, http:\/\/chanard.fr\/wp-content\/uploads\/2021\/01\/IMG_20210114_144820-768x576.jpg 768w, http:\/\/chanard.fr\/wp-content\/uploads\/2021\/01\/IMG_20210114_144820-1536x1152.jpg 1536w, http:\/\/chanard.fr\/wp-content\/uploads\/2021\/01\/IMG_20210114_144820-2048x1536.jpg 2048w, http:\/\/chanard.fr\/wp-content\/uploads\/2021\/01\/IMG_20210114_144820-700x525.jpg 700w, http:\/\/chanard.fr\/wp-content\/uploads\/2021\/01\/IMG_20210114_144820-520x390.jpg 520w, http:\/\/chanard.fr\/wp-content\/uploads\/2021\/01\/IMG_20210114_144820-360x270.jpg 360w, http:\/\/chanard.fr\/wp-content\/uploads\/2021\/01\/IMG_20210114_144820-250x188.jpg 250w, http:\/\/chanard.fr\/wp-content\/uploads\/2021\/01\/IMG_20210114_144820-100x75.jpg 100w\" sizes=\"(max-width: 1024px) 100vw, 1024px\" \/><\/figure>\n\n\n\n<p>Presse Plieuse Hydraulique \u00e0 commande num\u00e9rique<\/p>\n\n\n\n<p>Mod\u00e8le : APHS 3108 X 160 <\/p>\n\n\n\n<p>Puissance : 160T <\/p>\n\n\n\n<p>Longueur de pliage : 3100mm <\/p>\n\n\n\n<p>Axes Y1 &amp; Y2 synchronis\u00e9s <\/p>\n\n\n\n<p>Commande num\u00e9rique DELEM DA 66 Tactile avec logiciel delem <\/p>\n\n\n\n<p>Profile But\u00e9e arri\u00e8re motoris\u00e9e, <\/p>\n\n\n\n<p>axes X &amp; R g\u00e9r\u00e9s par commande num\u00e9rique.<\/p>\n\n\n\n<p><\/p>\n\n\n\n<h2>BOMAR Individual 520.360 DGANC<\/h2>\n\n\n\n<figure class=\"wp-block-image size-large\"><img loading=\"lazy\" width=\"600\" height=\"375\" src=\"http:\/\/chanard.fr\/wp-content\/uploads\/2021\/01\/Scie-BOMAR.jpg\" alt=\"\" class=\"wp-image-120\" srcset=\"http:\/\/chanard.fr\/wp-content\/uploads\/2021\/01\/Scie-BOMAR.jpg 600w, http:\/\/chanard.fr\/wp-content\/uploads\/2021\/01\/Scie-BOMAR-300x188.jpg 300w, http:\/\/chanard.fr\/wp-content\/uploads\/2021\/01\/Scie-BOMAR-520x325.jpg 520w, http:\/\/chanard.fr\/wp-content\/uploads\/2021\/01\/Scie-BOMAR-360x225.jpg 360w, http:\/\/chanard.fr\/wp-content\/uploads\/2021\/01\/Scie-BOMAR-250x156.jpg 250w, http:\/\/chanard.fr\/wp-content\/uploads\/2021\/01\/Scie-BOMAR-100x63.jpg 100w\" sizes=\"(max-width: 600px) 100vw, 600px\" \/><\/figure>\n\n\n\n<p>Scie \u00e0 Ruban semi-automatique<\/p>\n\n\n\n<p>Mod\u00e8le : Individual 520.360 DGANC <\/p>\n\n\n\n<p>Semi-automatique <\/p>\n\n\n\n<p>Capacit\u00e9 \u00e0 90 degr\u00e9s : \u00f8 360 mm, plaque 520 x 360, carr\u00e9 360 mm <\/p>\n\n\n\n<p>Capacit\u00e9 \u00e0 45 degr\u00e9s R : \u00f8 360 mm, plaque 360 x 325, carr\u00e9 350 mm <\/p>\n\n\n\n<p>Capacit\u00e9 \u00e0 30 degr\u00e9s R : \u00f8 240 mm, plaque 325 x 235, carr\u00e9 235 mm<\/p>\n\n\n\n<p><\/p>\n\n\n\n<h2>Autres \u00e9quipements<\/h2>\n\n\n\n<ul><li>1 pont roulant 5 tonnes \u2013 10m de port\u00e9e <\/li><\/ul>\n\n\n\n<ul><li>2 ponts roulants 3tonnes \u2013 20m de port\u00e9e <\/li><\/ul>\n\n\n\n<ul><li>1 presse plieuse 4m \u2013 200 tonnes <\/li><\/ul>\n\n\n\n<ul><li>1 guillotine 3m \u2013 6m\/m <\/li><\/ul>\n\n\n\n<ul><li>1 guillotine 2.50m \u2013 10m\/m <\/li><\/ul>\n\n\n\n<ul><li>1 poin\u00e7onneuse Mubea 300 tonnes (possibilit\u00e9 de poin\u00e7onnage jusqu\u2019\u00e0 100m\/m, coupe plat de 500m\/m x 20m\/m) <\/li><\/ul>\n\n\n\n<ul><li>1 poin\u00e7onneuse Mubea 100 tonnes <\/li><\/ul>\n\n\n\n<ul><li>4 fraises scies <\/li><\/ul>\n\n\n\n<ul><li>2 scies ruban (possibilit\u00e9 coupe jusqu\u2019\u00e0 300&#215;300)<\/li><\/ul>\n\n\n\n<ul><li>8 semi automatiques <\/li><\/ul>\n\n\n\n<ul><li>1 poste semi auto soudure aluminium \u2013 inox <\/li><\/ul>\n\n\n\n<ul><li>1 poste MIG puls\u00e9 \u2013 double pulse \u2013 sp\u00e9cial inox \/ alu \u2013 T\u00f4lerie fine<\/li><\/ul>\n\n\n\n<ul><li>1 cintreuse \u00e0 profils <\/li><\/ul>\n\n\n\n<ul><li>1 fenwick<\/li><\/ul>\n\n\n\n<ul><li>1 scie \u00e0 ruban automatiques&nbsp; (coupe jusqu\u2019\u00e0 300m) <\/li><\/ul>\n\n\n\n<ul><li>1 poin\u00e7onneuse Peddingaus (100 tonnes) <\/li><\/ul>\n\n\n\n<ul><li>1 cabine de peinture (50m\u00b2) avec poutres roulantes (1,5 tonnes sur 20m de long) <\/li><\/ul>\n\n\n\n<ul><li>5 camions ateliers<\/li><\/ul>\n\n\n\n<ul><li>1 camion plateau<\/li><\/ul>\n","protected":false},"excerpt":{"rendered":"<p>GERMINI&nbsp; 15 &#8211; FICEPS Table de coupe plasma num\u00e9rique CND Haute d\u00e9finition pour t\u00f4les Acier et Inox Machine automatique pour r\u00e9aliser la fabrication de goussets, platines, raidisseurs \u2026 \u00e0 partir d\u2019une t\u00f4le brute : per\u00e7age des trous, marquage et coupe en une seule op\u00e9ration. Dimensions de la t\u00f4le brute maxi \u00e0 usiner Longueur&nbsp; 3000 mm Largeur&nbsp; 1500 mm VICTORY 11 &#8211; FICEPS Syst\u00e8me num\u00e9rique de per\u00e7age pour l\u2019usinage de poutres, fers \u00e0 U, corni\u00e8res, plats, tubes et Profil\u00e9s Reconstitu\u00e9s Soud\u00e9s de charpente m\u00e9tallique. Le profil\u00e9 \u00e0 usiner reste fixe, pendant que la broche de per\u00e7age se d\u00e9place automatiquement le long du profil\u00e9 afin de r\u00e9aliser les per\u00e7ages ou les pointages\u2026 ensuite il faut assembler. Profil mini. 50*50 Profil maxi. HEB 1000 Longueur du profil. 18m maxi JEAN PERROT APHS 3108 X 160 Presse Plieuse Hydraulique \u00e0 commande num\u00e9rique Mod\u00e8le : APHS 3108 X 160 Puissance : 160T Longueur de pliage : 3100mm Axes Y1 &amp; Y2 synchronis\u00e9s Commande num\u00e9rique DELEM DA 66 Tactile avec logiciel delem Profile But\u00e9e arri\u00e8re motoris\u00e9e, axes X &amp; R g\u00e9r\u00e9s par commande num\u00e9rique. BOMAR Individual 520.360 DGANC Scie \u00e0 Ruban semi-automatique Mod\u00e8le : Individual 520.360 DGANC Semi-automatique Capacit\u00e9 \u00e0 90 degr\u00e9s : \u00f8 360 mm, plaque 520 x 360, carr\u00e9 360 mm Capacit\u00e9 \u00e0 45 degr\u00e9s R : \u00f8 360 mm, plaque 360 x 325, carr\u00e9 350 mm Capacit\u00e9 \u00e0 30 degr\u00e9s R : \u00f8 240 mm, plaque 325 x 235, carr\u00e9 235 mm Autres \u00e9quipements 1 pont roulant 5 tonnes \u2013 10m de port\u00e9e 2 ponts roulants 3tonnes \u2013 20m de port\u00e9e 1 presse plieuse 4m \u2013 200 tonnes 1 guillotine 3m \u2013 6m\/m 1 guillotine 2.50m \u2013 10m\/m 1 poin\u00e7onneuse Mubea 300 tonnes (possibilit\u00e9 de poin\u00e7onnage jusqu\u2019\u00e0 100m\/m, coupe plat de 500m\/m x 20m\/m) 1 poin\u00e7onneuse Mubea 100 tonnes 4 fraises scies 2 scies ruban (possibilit\u00e9 coupe jusqu\u2019\u00e0 300&#215;300) 8 semi automatiques 1 poste semi auto soudure aluminium \u2013 inox 1 poste MIG puls\u00e9 \u2013 double pulse \u2013 sp\u00e9cial inox \/ alu \u2013 T\u00f4lerie fine 1 cintreuse \u00e0 profils 1 fenwick 1 scie \u00e0 ruban automatiques&nbsp; (coupe jusqu\u2019\u00e0 300m) 1 poin\u00e7onneuse Peddingaus (100 tonnes) 1 cabine de peinture (50m\u00b2) avec poutres roulantes (1,5 tonnes sur 20m de long) 5 camions ateliers 1 camion plateau<\/p>\n","protected":false},"author":5,"featured_media":0,"parent":0,"menu_order":1,"comment_status":"closed","ping_status":"closed","template":"","meta":{"ngg_post_thumbnail":0},"_links":{"self":[{"href":"http:\/\/chanard.fr\/index.php?rest_route=\/wp\/v2\/pages\/116"}],"collection":[{"href":"http:\/\/chanard.fr\/index.php?rest_route=\/wp\/v2\/pages"}],"about":[{"href":"http:\/\/chanard.fr\/index.php?rest_route=\/wp\/v2\/types\/page"}],"author":[{"embeddable":true,"href":"http:\/\/chanard.fr\/index.php?rest_route=\/wp\/v2\/users\/5"}],"replies":[{"embeddable":true,"href":"http:\/\/chanard.fr\/index.php?rest_route=%2Fwp%2Fv2%2Fcomments&post=116"}],"version-history":[{"count":3,"href":"http:\/\/chanard.fr\/index.php?rest_route=\/wp\/v2\/pages\/116\/revisions"}],"predecessor-version":[{"id":124,"href":"http:\/\/chanard.fr\/index.php?rest_route=\/wp\/v2\/pages\/116\/revisions\/124"}],"wp:attachment":[{"href":"http:\/\/chanard.fr\/index.php?rest_route=%2Fwp%2Fv2%2Fmedia&parent=116"}],"curies":[{"name":"wp","href":"https:\/\/api.w.org\/{rel}","templated":true}]}}